{"id":477,"date":"2019-07-08T16:28:47","date_gmt":"2019-07-08T19:28:47","guid":{"rendered":"http:\/\/chilelacteo.cl\/2019\/?page_id=477"},"modified":"2019-07-08T18:43:05","modified_gmt":"2019-07-08T21:43:05","slug":"dia-2","status":"publish","type":"page","link":"https:\/\/chilelacteo.cl\/2019\/dia-2\/","title":{"rendered":"Presentaciones D\u00eda 2"},"content":{"rendered":"<p>1- Carlos Arancibia Fedeleche\u00a0<span style=\"color: #127ac4;\"><strong><a style=\"color: #127ac4;\" href=\"http:\/\/chilelacteo.cl\/2019\/carlos-arancibia-fedeleche\/\">Ver Presentaci\u00f3n<\/a><\/strong><\/span><\/p>\n<p>2- Pedro Valent\u00edn-Gamazo INLAC Espa\u00f1a\u00a0<span style=\"color: #127ac4;\"><strong><a style=\"color: #127ac4;\" href=\"http:\/\/chilelacteo.cl\/2019\/pedro-valentin-gamazo-inlac-espana\/\">Ver Presentaci\u00f3n<\/a><\/strong><\/span><\/p>\n<p>3- Karen Basti-fer &#8211; Nutricionista\u00a0<span style=\"color: #127ac4;\"><strong><a style=\"color: #127ac4;\" href=\"http:\/\/chilelacteo.cl\/2019\/karen-basti-fer-nutricionista\/\">Ver Presentaci\u00f3n<\/a><\/strong><\/span><\/p>\n<p>4- Loreto Santelices &#8211; PTI Lechero Regi\u00f3n de\u00a0 Los Lagos\u00a0<span style=\"color: #127ac4;\"><strong><a style=\"color: #127ac4;\" href=\"http:\/\/chilelacteo.cl\/2019\/loreto-santelices-pti-lechero-region-de-los-lagos\/\">Ver Presentaci\u00f3n<\/a><\/strong><\/span><\/p>\n<p>5- Daniel Fern\u00e1ndez Strauch &#8211; Charla Magistral &#8220;Si se Puede&#8221;\u00a0<span style=\"color: #127ac4;\"><strong><a style=\"color: #127ac4;\" href=\"http:\/\/chilelacteo.cl\/2019\/daniel-fernandez-strauch-charla-magistral-si-se-puede\/\">Ver Presentaci\u00f3n<\/a><\/strong><\/span><\/p>\n<p>6- Eduardo Schwerter A. &#8211; Rodrigo Lav\u00edn<span style=\"color: #127ac4;\"> <strong><a style=\"color: #127ac4;\" href=\"http:\/\/chilelacteo.cl\/2019\/eduardo-schwerter-a-rodrigo-lavin\/\">Ver Presentaci\u00f3n<\/a><\/strong><\/span><\/p>\n<hr \/>\n<p><strong>Sal\u00f3n 1<\/strong><\/p>\n<p>1- Gonzalo Bader -Tecnolog\u00eda Lechera\u00a0<span style=\"color: #127ac4;\"><strong><a style=\"color: #127ac4;\" href=\"http:\/\/chilelacteo.cl\/2019\/gonzalo-bader-tecnologia-lechera\/\">Ver Presentaci\u00f3n<\/a><\/strong><\/span><\/p>\n<p>2- Karim Medina &#8211; Orde\u00f1o de grandes sistemas robotizados\u00a0<span style=\"color: #127ac4;\"><strong><a style=\"color: #127ac4;\" href=\"http:\/\/chilelacteo.cl\/2019\/karim-medina-ordeno-de-grandes-sistemas-robotizados\/\">Ver Presentaci\u00f3n<\/a><\/strong><\/span><\/p>\n<p>3- Francisco Rodr\u00edguez &#8211; Crecimiento Rentable\u00a0\u00a0<span style=\"color: #127ac4;\"><strong><a style=\"color: #127ac4;\" href=\"http:\/\/chilelacteo.cl\/2019\/francisco-rodriguez-crecimiento-rentable\/\">Ver Presentaci\u00f3n<\/a><\/strong><\/span><\/p>\n<hr \/>\n<p><strong>Sal\u00f3n 2<\/strong><\/p>\n<p>1- Ismael Castillo &#8211; Ensilado de coseta\u00a0<span style=\"color: #127ac4;\"><strong><a style=\"color: #127ac4;\" href=\"http:\/\/chilelacteo.cl\/2019\/ismael-castillo-ensilado-de-coseta\/\">Ver Presentaci\u00f3n<\/a><\/strong><\/span><\/p>\n<p>2- Francisco Matte &#8211; Sensoramiento Satelital\u00a0\u00a0<span style=\"color: #127ac4;\"><strong><a style=\"color: #127ac4;\" href=\"http:\/\/chilelacteo.cl\/2019\/francisco-matte-sensoramiento-satelital\/\">Ver Presentaci\u00f3n<\/a><\/strong><\/span><\/p>\n<p>3- Guillermo Pi\u00f1eiro &#8211; Biogrow\u00a0\u00a0<span style=\"color: #127ac4;\"><strong><a style=\"color: #127ac4;\" href=\"http:\/\/chilelacteo.cl\/2019\/guillermo-pineiro-biogrow\/\">Ver Presentaci\u00f3n<\/a><\/strong><\/span><br \/>\n<script><\/script><\/p>\n","protected":false},"excerpt":{"rendered":"<p>1- Carlos Arancibia Fedeleche\u00a0Ver Presentaci\u00f3n 2- Pedro Valent\u00edn-Gamazo INLAC Espa\u00f1a\u00a0Ver Presentaci\u00f3n 3- Karen Basti-fer &#8211; Nutricionista\u00a0Ver Presentaci\u00f3n 4- Loreto Santelices [&hellip;]<\/p>\n","protected":false},"author":2,"featured_media":0,"parent":0,"menu_order":0,"comment_status":"closed","ping_status":"closed","template":"","meta":{"footnotes":""},"_links":{"self":[{"href":"https:\/\/chilelacteo.cl\/2019\/wp-json\/wp\/v2\/pages\/477"}],"collection":[{"href":"https:\/\/chilelacteo.cl\/2019\/wp-json\/wp\/v2\/pages"}],"about":[{"href":"https:\/\/chilelacteo.cl\/2019\/wp-json\/wp\/v2\/types\/page"}],"author":[{"embeddable":true,"href":"https:\/\/chilelacteo.cl\/2019\/wp-json\/wp\/v2\/users\/2"}],"replies":[{"embeddable":true,"href":"https:\/\/chilelacteo.cl\/2019\/wp-json\/wp\/v2\/comments?post=477"}],"version-history":[{"count":14,"href":"https:\/\/chilelacteo.cl\/2019\/wp-json\/wp\/v2\/pages\/477\/revisions"}],"predecessor-version":[{"id":532,"href":"https:\/\/chilelacteo.cl\/2019\/wp-json\/wp\/v2\/pages\/477\/revisions\/532"}],"wp:attachment":[{"href":"https:\/\/chilelacteo.cl\/2019\/wp-json\/wp\/v2\/media?parent=477"}],"curies":[{"name":"wp","href":"https:\/\/api.w.org\/{rel}","templated":true}]}}