{"id":57,"date":"2018-12-26T17:57:10","date_gmt":"2018-12-26T20:57:10","guid":{"rendered":"http:\/\/chilelacteo.cl\/2019\/?page_id=57"},"modified":"2019-06-03T18:04:17","modified_gmt":"2019-06-03T21:04:17","slug":"inscripciones","status":"publish","type":"page","link":"https:\/\/chilelacteo.cl\/2019\/inscripciones\/","title":{"rendered":"Inscripciones"},"content":{"rendered":"<p>[vc_row][vc_column][vc_column_text]<\/p>\n<table class=\"valores\"><!--DWLayoutTable--><\/p>\n<tbody>\n<tr>\n<td style=\"background-color: #009de0; color: #fff;\">FECHAS<\/td>\n<td style=\"background-color: #009de0; color: #fff;\">SOCIOS FEDELECHE<\/td>\n<td style=\"background-color: #009de0; color: #fff;\">PARTICIPANTES<\/td>\n<td style=\"background-color: #009de0; color: #fff;\">ESTUDIANTES<\/td>\n<\/tr>\n<tr>\n<td>Hasta el 30 de Abril de 2019<\/td>\n<td>$145.000<\/td>\n<td>$245.000<\/td>\n<td>$120.000<\/td>\n<\/tr>\n<tr>\n<td>Desde el 01 de Mayo al 13 de Junio de 2019<\/td>\n<td>$155.000<\/td>\n<td>$255.000<\/td>\n<td>$120.000<\/td>\n<\/tr>\n<\/tbody>\n<\/table>\n<p>[\/vc_column_text][\/vc_column][\/vc_row][vc_row][vc_column][vc_custom_heading text=&#8221;Notas&#8221; font_container=&#8221;tag:h2|text_align:left|color:%231583c1&#8243; use_theme_fonts=&#8221;yes&#8221;][\/vc_column][\/vc_row][vc_row][vc_column][vc_column_text]<\/p>\n<ol>\n<li>Cupos limitados, se dar\u00e1 aviso cuando se cierren las inscripciones.<\/li>\n<li>Socios FEDELECHE: APROLECHE CENTRO, APROLECHE LINARES , APROLECHE \u00d1UBLE, APROLECHE BIO BIO, APROLECHE ARAUCANIA, APROLECHE OSORNO Y AGROLLANQUIHUE.<\/li>\n<li>Los estudiantes pre-grado deber\u00e1n enviar, junto a su inscripci\u00f3n, certificado de alumno regular.<\/li>\n<li>Para el ingreso al Congreso debe presentar Voucher o c\u00e9dula de identidad para realizar la acreditaci\u00f3n.<\/li>\n<li>Valores incluyen: bolso con material del Congreso, 2 almuerzos, recreos l\u00e1cteos, cena entretenida, c\u00f3ctel de clausura y certificado de asistencia.<\/li>\n<\/ol>\n<p>[\/vc_column_text][\/vc_column][\/vc_row][vc_row][vc_column][vc_custom_heading text=&#8221;Formas de Pago&#8221; font_container=&#8221;tag:h2|text_align:left|color:%231583c1&#8243; use_theme_fonts=&#8221;yes&#8221;][\/vc_column][\/vc_row][vc_row][vc_column][vc_column_text]<\/p>\n<ol>\n<li><b>Transferencia electr\u00f3nica en cuenta corriente:<br \/>\n<\/b>A nombre de FEDELECHE F.G., Banco Chile, cta cte N\u00b0230-03304-00, RUT: 75.332.200-0, Mail: inscripciones@chilelacteo.cl , debe indicar el nombre a qui\u00e9n corresponde la Inscripci\u00f3n.<\/li>\n<li><b>Dep\u00f3sito en cuenta corriente:<br \/>\n<\/b>A nombre de FEDELECHE F.G., Banco Chile, cta cte N\u00b0230-03304-00, enviar comprobante de dep\u00f3sito indicando a nombre de qui\u00e9n corresponde la Inscripci\u00f3n al Mail: inscripciones@chilelacteo.cl<\/li>\n<li><b>Pago directo en su APROLECHE al momento de realizar su inscripci\u00f3n.<\/b><\/li>\n<\/ol>\n<p>[\/vc_column_text][\/vc_column][\/vc_row][vc_row][vc_column][vc_btn title=&#8221;FORMULARIO DE INSCRIPCI\u00d3N &#8211; CONGRESO CHILELACTEO 2019&#8243; color=&#8221;primary&#8221; i_icon_fontawesome=&#8221;fa fa-hand-o-up&#8221; add_icon=&#8221;true&#8221; link=&#8221;url:http%3A%2F%2Fapp.infocongress.cl%2Fpublic%2Finscripcion%2Fchilelacteo2019||target:%20_blank|&#8221;][\/vc_column][\/vc_row]<br \/>\n<script><\/script><\/p>\n","protected":false},"excerpt":{"rendered":"<p>[vc_row][vc_column][vc_column_text] FECHAS SOCIOS FEDELECHE PARTICIPANTES ESTUDIANTES Hasta el 30 de Abril de 2019 $145.000 $245.000 $120.000 Desde el 01 de [&hellip;]<\/p>\n","protected":false},"author":2,"featured_media":0,"parent":0,"menu_order":0,"comment_status":"closed","ping_status":"closed","template":"","meta":{"footnotes":""},"_links":{"self":[{"href":"https:\/\/chilelacteo.cl\/2019\/wp-json\/wp\/v2\/pages\/57"}],"collection":[{"href":"https:\/\/chilelacteo.cl\/2019\/wp-json\/wp\/v2\/pages"}],"about":[{"href":"https:\/\/chilelacteo.cl\/2019\/wp-json\/wp\/v2\/types\/page"}],"author":[{"embeddable":true,"href":"https:\/\/chilelacteo.cl\/2019\/wp-json\/wp\/v2\/users\/2"}],"replies":[{"embeddable":true,"href":"https:\/\/chilelacteo.cl\/2019\/wp-json\/wp\/v2\/comments?post=57"}],"version-history":[{"count":11,"href":"https:\/\/chilelacteo.cl\/2019\/wp-json\/wp\/v2\/pages\/57\/revisions"}],"predecessor-version":[{"id":413,"href":"https:\/\/chilelacteo.cl\/2019\/wp-json\/wp\/v2\/pages\/57\/revisions\/413"}],"wp:attachment":[{"href":"https:\/\/chilelacteo.cl\/2019\/wp-json\/wp\/v2\/media?parent=57"}],"curies":[{"name":"wp","href":"https:\/\/api.w.org\/{rel}","templated":true}]}}