{"id":1199,"date":"2024-07-09T23:01:39","date_gmt":"2024-07-10T03:01:39","guid":{"rendered":"https:\/\/chilelacteo.cl\/2024\/?page_id=1199"},"modified":"2024-07-09T23:08:49","modified_gmt":"2024-07-10T03:08:49","slug":"chilelacteo-2024-dia-1-07-charla-magistral-del-mugido-al-metano-entendiendo-las-emisiones-del-ganado-y-su-mitigacion","status":"publish","type":"page","link":"https:\/\/chilelacteo.cl\/2024\/chilelacteo-2024-dia-1-07-charla-magistral-del-mugido-al-metano-entendiendo-las-emisiones-del-ganado-y-su-mitigacion\/","title":{"rendered":"Chilel\u00e1cteo 2024 | D\u00eda 1 | 07- CHARLA MAGISTRAL: Del Mugido al Metano: Entendiendo las Emisiones del Ganado y su Mitigaci\u00f3n"},"content":{"rendered":"","protected":true},"excerpt":{"rendered":"","protected":true},"author":1,"featured_media":0,"parent":0,"menu_order":0,"comment_status":"closed","ping_status":"closed","template":"","meta":{"footnotes":""},"class_list":["post-1199","page","type-page","status-publish","post-password-required","hentry"],"_links":{"self":[{"href":"https:\/\/chilelacteo.cl\/2024\/wp-json\/wp\/v2\/pages\/1199","targetHints":{"allow":["GET"]}}],"collection":[{"href":"https:\/\/chilelacteo.cl\/2024\/wp-json\/wp\/v2\/pages"}],"about":[{"href":"https:\/\/chilelacteo.cl\/2024\/wp-json\/wp\/v2\/types\/page"}],"author":[{"embeddable":true,"href":"https:\/\/chilelacteo.cl\/2024\/wp-json\/wp\/v2\/users\/1"}],"replies":[{"embeddable":true,"href":"https:\/\/chilelacteo.cl\/2024\/wp-json\/wp\/v2\/comments?post=1199"}],"version-history":[{"count":6,"href":"https:\/\/chilelacteo.cl\/2024\/wp-json\/wp\/v2\/pages\/1199\/revisions"}],"predecessor-version":[{"id":1215,"href":"https:\/\/chilelacteo.cl\/2024\/wp-json\/wp\/v2\/pages\/1199\/revisions\/1215"}],"wp:attachment":[{"href":"https:\/\/chilelacteo.cl\/2024\/wp-json\/wp\/v2\/media?parent=1199"}],"curies":[{"name":"wp","href":"https:\/\/api.w.org\/{rel}","templated":true}]}}